{"id":132,"date":"2021-07-11T17:39:05","date_gmt":"2021-07-11T17:39:05","guid":{"rendered":"https:\/\/www.energeticthemes.com\/themes\/andaaz\/?page_id=132"},"modified":"2023-03-21T16:24:12","modified_gmt":"2023-03-21T16:24:12","slug":"coming-soon","status":"publish","type":"page","link":"https:\/\/lebureaudigital.com\/","title":{"rendered":"Coming Soon"},"content":{"rendered":"<style>\/*! elementor - v3.11.5 - 14-03-2023 *\/\n.elementor-widget-image{text-align:center}.elementor-widget-image a{display:inline-block}.elementor-widget-image a img[src$=\".svg\"]{width:48px}.elementor-widget-image img{vertical-align:middle;display:inline-block}<\/style>\n<p>\t\t\t\t\t\t\t\t\t\t\t\t<img decoding=\"async\" width=\"700\" height=\"882\" src=\"http:\/\/lebureaudigital.com\/wp-content\/uploads\/2021\/07\/khloe-arledge-V7hibs9xhe4-unsplash-813x1024.jpg\" alt=\"\" loading=\"lazy\" srcset=\"https:\/\/lebureaudigital.com\/wp-content\/uploads\/2021\/07\/khloe-arledge-V7hibs9xhe4-unsplash-813x1024.jpg 813w, https:\/\/lebureaudigital.com\/wp-content\/uploads\/2021\/07\/khloe-arledge-V7hibs9xhe4-unsplash-650x819.jpg 650w, https:\/\/lebureaudigital.com\/wp-content\/uploads\/2021\/07\/khloe-arledge-V7hibs9xhe4-unsplash-238x300.jpg 238w, https:\/\/lebureaudigital.com\/wp-content\/uploads\/2021\/07\/khloe-arledge-V7hibs9xhe4-unsplash-768x968.jpg 768w, https:\/\/lebureaudigital.com\/wp-content\/uploads\/2021\/07\/khloe-arledge-V7hibs9xhe4-unsplash-1219x1536.jpg 1219w, https:\/\/lebureaudigital.com\/wp-content\/uploads\/2021\/07\/khloe-arledge-V7hibs9xhe4-unsplash.jpg 1300w\" sizes=\"(max-width: 700px) 100vw, 700px\" \/><br \/>\n\t\t\t\t\t\t\t\t\t\t\t\t\t\t\t<img decoding=\"async\" width=\"369\" height=\"377\" src=\"http:\/\/lebureaudigital.com\/wp-content\/uploads\/2021\/07\/img-book.png\" alt=\"Lifestyle and Travel\" loading=\"lazy\" srcset=\"https:\/\/lebureaudigital.com\/wp-content\/uploads\/2021\/07\/img-book.png 369w, https:\/\/lebureaudigital.com\/wp-content\/uploads\/2021\/07\/img-book-294x300.png 294w\" sizes=\"(max-width: 369px) 100vw, 369px\" \/><br \/>\n\t\t\t\t\t\t\t\t\t\t\t\t\t\t\t<img decoding=\"async\" width=\"748\" height=\"779\" src=\"http:\/\/lebureaudigital.com\/wp-content\/uploads\/2021\/07\/Group-1-1.png\" alt=\"Lifestyle and Travel\" loading=\"lazy\" srcset=\"https:\/\/lebureaudigital.com\/wp-content\/uploads\/2021\/07\/Group-1-1.png 748w, https:\/\/lebureaudigital.com\/wp-content\/uploads\/2021\/07\/Group-1-1-650x677.png 650w, https:\/\/lebureaudigital.com\/wp-content\/uploads\/2021\/07\/Group-1-1-288x300.png 288w\" sizes=\"(max-width: 748px) 100vw, 748px\" \/>\t\t\t\t\t\t\t\t\t\t\t\t\t\t\t<\/p>\n<h5>\n\t\t\t\t\tBonjour!\t\t\t\t\t<\/h5>\n<h1>\n\t\t\t\t\tOn vous accueille bient\u00f4t \u200b\t\t\t\t\t<\/h1>\n<p>Situ\u00e9e dans le quartier de la Place du Pin, &#8220;Le Petit Marais&#8221; de Nice, Pinpin est une n\u00e9o-brasserie qui propose des plats classiques revisit\u00e9s, inspir\u00e9s par les ingr\u00e9dients les plus frais de la r\u00e9gion.<\/p>\n<p>Retrouvez-nous:<br \/>2 Rue Martin Seytour 06300 Nice<br \/>+33 6256 87209<\/p>\n<p>\t\t\t\t\t\t\t\t\t\t\t\t\t\t\t<img decoding=\"async\" width=\"300\" height=\"102\" src=\"http:\/\/lebureaudigital.com\/wp-content\/uploads\/2023\/03\/Pinpin-Pictos-Small-300x102.png\" alt=\"\" loading=\"lazy\" srcset=\"https:\/\/lebureaudigital.com\/wp-content\/uploads\/2023\/03\/Pinpin-Pictos-Small-300x102.png 300w, https:\/\/lebureaudigital.com\/wp-content\/uploads\/2023\/03\/Pinpin-Pictos-Small-1024x347.png 1024w, https:\/\/lebureaudigital.com\/wp-content\/uploads\/2023\/03\/Pinpin-Pictos-Small-768x260.png 768w, https:\/\/lebureaudigital.com\/wp-content\/uploads\/2023\/03\/Pinpin-Pictos-Small-650x220.png 650w, https:\/\/lebureaudigital.com\/wp-content\/uploads\/2023\/03\/Pinpin-Pictos-Small.png 1477w\" sizes=\"(max-width: 300px) 100vw, 300px\" \/><br \/>\n\t\t\t\t\t\t\t\t\t\t\t\t\t\t\t<img decoding=\"async\" width=\"608\" height=\"622\" src=\"http:\/\/lebureaudigital.com\/wp-content\/uploads\/2021\/07\/bg-shape.png\" alt=\"Lifestyle and Travel\" loading=\"lazy\" srcset=\"https:\/\/lebureaudigital.com\/wp-content\/uploads\/2021\/07\/bg-shape.png 608w, https:\/\/lebureaudigital.com\/wp-content\/uploads\/2021\/07\/bg-shape-293x300.png 293w\" sizes=\"(max-width: 608px) 100vw, 608px\" \/><br \/>\n\t\t\t\t\t\t\t\t\t\t\t\t\t\t\t<img decoding=\"async\" width=\"700\" height=\"933\" src=\"http:\/\/lebureaudigital.com\/wp-content\/uploads\/2021\/07\/jen-p-FoG8lotg7AA-unsplash-768x1024.jpg\" alt=\"\" loading=\"lazy\" srcset=\"https:\/\/lebureaudigital.com\/wp-content\/uploads\/2021\/07\/jen-p-FoG8lotg7AA-unsplash-768x1024.jpg 768w, https:\/\/lebureaudigital.com\/wp-content\/uploads\/2021\/07\/jen-p-FoG8lotg7AA-unsplash-650x867.jpg 650w, https:\/\/lebureaudigital.com\/wp-content\/uploads\/2021\/07\/jen-p-FoG8lotg7AA-unsplash-225x300.jpg 225w, https:\/\/lebureaudigital.com\/wp-content\/uploads\/2021\/07\/jen-p-FoG8lotg7AA-unsplash-1152x1536.jpg 1152w, https:\/\/lebureaudigital.com\/wp-content\/uploads\/2021\/07\/jen-p-FoG8lotg7AA-unsplash.jpg 1300w\" sizes=\"(max-width: 700px) 100vw, 700px\" \/><br \/>\n\t\t\t\t\t\t\t\t\t\t\t\t\t\t\t<img decoding=\"async\" width=\"683\" height=\"1024\" src=\"http:\/\/lebureaudigital.com\/wp-content\/uploads\/2021\/07\/vitor-monthay-zqmlcfdxgHQ-unsplash-683x1024.jpg\" alt=\"Lifestyle and Travel\" loading=\"lazy\" srcset=\"https:\/\/lebureaudigital.com\/wp-content\/uploads\/2021\/07\/vitor-monthay-zqmlcfdxgHQ-unsplash-683x1024.jpg 683w, https:\/\/lebureaudigital.com\/wp-content\/uploads\/2021\/07\/vitor-monthay-zqmlcfdxgHQ-unsplash-650x975.jpg 650w, https:\/\/lebureaudigital.com\/wp-content\/uploads\/2021\/07\/vitor-monthay-zqmlcfdxgHQ-unsplash-200x300.jpg 200w, https:\/\/lebureaudigital.com\/wp-content\/uploads\/2021\/07\/vitor-monthay-zqmlcfdxgHQ-unsplash-768x1152.jpg 768w, https:\/\/lebureaudigital.com\/wp-content\/uploads\/2021\/07\/vitor-monthay-zqmlcfdxgHQ-unsplash-1024x1536.jpg 1024w, https:\/\/lebureaudigital.com\/wp-content\/uploads\/2021\/07\/vitor-monthay-zqmlcfdxgHQ-unsplash-600x900.jpg 600w, https:\/\/lebureaudigital.com\/wp-content\/uploads\/2021\/07\/vitor-monthay-zqmlcfdxgHQ-unsplash.jpg 1300w\" sizes=\"(max-width: 683px) 100vw, 683px\" \/><br \/>\n\t\t\t\t\t\t\t\t\t\t\t\t\t\t\t<img decoding=\"async\" width=\"700\" height=\"700\" src=\"http:\/\/lebureaudigital.com\/wp-content\/uploads\/2023\/03\/PInpin-Texture-Sol.jpeg\" alt=\"\" loading=\"lazy\" srcset=\"https:\/\/lebureaudigital.com\/wp-content\/uploads\/2023\/03\/PInpin-Texture-Sol.jpeg 800w, https:\/\/lebureaudigital.com\/wp-content\/uploads\/2023\/03\/PInpin-Texture-Sol-300x300.jpeg 300w, https:\/\/lebureaudigital.com\/wp-content\/uploads\/2023\/03\/PInpin-Texture-Sol-150x150.jpeg 150w, https:\/\/lebureaudigital.com\/wp-content\/uploads\/2023\/03\/PInpin-Texture-Sol-768x768.jpeg 768w, https:\/\/lebureaudigital.com\/wp-content\/uploads\/2023\/03\/PInpin-Texture-Sol-600x600.jpeg 600w, https:\/\/lebureaudigital.com\/wp-content\/uploads\/2023\/03\/PInpin-Texture-Sol-400x400.jpeg 400w, https:\/\/lebureaudigital.com\/wp-content\/uploads\/2023\/03\/PInpin-Texture-Sol-650x650.jpeg 650w\" sizes=\"(max-width: 700px) 100vw, 700px\" \/><br \/>\n\t\t\t\t\t\t\t\t\t\t\t\t\t\t\t<img decoding=\"async\" width=\"700\" height=\"933\" src=\"http:\/\/lebureaudigital.com\/wp-content\/uploads\/2023\/03\/john-jason-DNl_EkurN8E-unsplash-768x1024.jpg\" alt=\"\" loading=\"lazy\" srcset=\"https:\/\/lebureaudigital.com\/wp-content\/uploads\/2023\/03\/john-jason-DNl_EkurN8E-unsplash-768x1024.jpg 768w, https:\/\/lebureaudigital.com\/wp-content\/uploads\/2023\/03\/john-jason-DNl_EkurN8E-unsplash-650x867.jpg 650w, https:\/\/lebureaudigital.com\/wp-content\/uploads\/2023\/03\/john-jason-DNl_EkurN8E-unsplash-225x300.jpg 225w, https:\/\/lebureaudigital.com\/wp-content\/uploads\/2023\/03\/john-jason-DNl_EkurN8E-unsplash-1152x1536.jpg 1152w, https:\/\/lebureaudigital.com\/wp-content\/uploads\/2023\/03\/john-jason-DNl_EkurN8E-unsplash-1536x2048.jpg 1536w, https:\/\/lebureaudigital.com\/wp-content\/uploads\/2023\/03\/john-jason-DNl_EkurN8E-unsplash-1736x2315.jpg 1736w, https:\/\/lebureaudigital.com\/wp-content\/uploads\/2023\/03\/john-jason-DNl_EkurN8E-unsplash.jpg 1920w\" sizes=\"(max-width: 700px) 100vw, 700px\" \/><br \/>\n\t\t\t\t\t\t\t\t\t\t\t\t\t\t\t<img decoding=\"async\" width=\"700\" height=\"700\" src=\"http:\/\/lebureaudigital.com\/wp-content\/uploads\/2023\/03\/caudron-florie-laure-WN_maZWltJ4-unsplash-scaled-e1679412382747-1024x1024.jpg\" alt=\"\" loading=\"lazy\" srcset=\"https:\/\/lebureaudigital.com\/wp-content\/uploads\/2023\/03\/caudron-florie-laure-WN_maZWltJ4-unsplash-scaled-e1679412382747-1024x1024.jpg 1024w, https:\/\/lebureaudigital.com\/wp-content\/uploads\/2023\/03\/caudron-florie-laure-WN_maZWltJ4-unsplash-scaled-e1679412382747-400x400.jpg 400w, https:\/\/lebureaudigital.com\/wp-content\/uploads\/2023\/03\/caudron-florie-laure-WN_maZWltJ4-unsplash-scaled-e1679412382747-150x150.jpg 150w, https:\/\/lebureaudigital.com\/wp-content\/uploads\/2023\/03\/caudron-florie-laure-WN_maZWltJ4-unsplash-scaled-e1679412382747-650x650.jpg 650w, https:\/\/lebureaudigital.com\/wp-content\/uploads\/2023\/03\/caudron-florie-laure-WN_maZWltJ4-unsplash-scaled-e1679412382747-300x300.jpg 300w, https:\/\/lebureaudigital.com\/wp-content\/uploads\/2023\/03\/caudron-florie-laure-WN_maZWltJ4-unsplash-scaled-e1679412382747-768x768.jpg 768w, https:\/\/lebureaudigital.com\/wp-content\/uploads\/2023\/03\/caudron-florie-laure-WN_maZWltJ4-unsplash-scaled-e1679412382747-1536x1536.jpg 1536w, https:\/\/lebureaudigital.com\/wp-content\/uploads\/2023\/03\/caudron-florie-laure-WN_maZWltJ4-unsplash-scaled-e1679412382747-1300x1300.jpg 1300w, https:\/\/lebureaudigital.com\/wp-content\/uploads\/2023\/03\/caudron-florie-laure-WN_maZWltJ4-unsplash-scaled-e1679412382747-600x600.jpg 600w, https:\/\/lebureaudigital.com\/wp-content\/uploads\/2023\/03\/caudron-florie-laure-WN_maZWltJ4-unsplash-scaled-e1679412382747-1736x1736.jpg 1736w, https:\/\/lebureaudigital.com\/wp-content\/uploads\/2023\/03\/caudron-florie-laure-WN_maZWltJ4-unsplash-scaled-e1679412382747.jpg 2003w\" sizes=\"(max-width: 700px) 100vw, 700px\" \/>\t\t\t\t\t\t\t\t\t\t\t\t\t\t\t<\/p>\n<h5>\n\t\t\t\t\tJOIN THE FAMILY\t\t\t\t\t<\/h5>\n<h1>\n\t\t\t\t\tNous recrutons \t\t\t\t\t<\/h1>\n<p>Nous souhaitons former un team capable de travailler ensemble dans une ambiance professionelle, chaleureuse et d\u00e9contract\u00e9e.\u00a0<\/p>\n<p>Pour toutes informations, veuillez nous contacter \u00e0 <a href=\"mailto:work@pin-pin.fr\">work@pin-pin.fr<\/a>.<\/p>\n","protected":false},"excerpt":{"rendered":"<p>Bonjour! On vous accueille bient\u00f4t \u200b Situ\u00e9e dans le quartier de la Place du Pin, &#8220;Le Petit Marais&#8221; de Nice, Pinpin est une n\u00e9o-brasserie qui propose des plats classiques revisit\u00e9s, inspir\u00e9s par les ingr\u00e9dients les plus frais de la r\u00e9gion. Retrouvez-nous:2 Rue Martin Seytour 06300 Nice+33 6256 87209 JOIN THE FAMILY Nous recrutons Nous souhaitons [&hellip;]<\/p>\n","protected":false},"author":1,"featured_media":0,"parent":0,"menu_order":0,"comment_status":"closed","ping_status":"closed","template":"elementor_header_footer","meta":[],"_links":{"self":[{"href":"https:\/\/lebureaudigital.com\/index.php?rest_route=\/wp\/v2\/pages\/132"}],"collection":[{"href":"https:\/\/lebureaudigital.com\/index.php?rest_route=\/wp\/v2\/pages"}],"about":[{"href":"https:\/\/lebureaudigital.com\/index.php?rest_route=\/wp\/v2\/types\/page"}],"author":[{"embeddable":true,"href":"https:\/\/lebureaudigital.com\/index.php?rest_route=\/wp\/v2\/users\/1"}],"replies":[{"embeddable":true,"href":"https:\/\/lebureaudigital.com\/index.php?rest_route=%2Fwp%2Fv2%2Fcomments&post=132"}],"version-history":[{"count":62,"href":"https:\/\/lebureaudigital.com\/index.php?rest_route=\/wp\/v2\/pages\/132\/revisions"}],"predecessor-version":[{"id":3139,"href":"https:\/\/lebureaudigital.com\/index.php?rest_route=\/wp\/v2\/pages\/132\/revisions\/3139"}],"wp:attachment":[{"href":"https:\/\/lebureaudigital.com\/index.php?rest_route=%2Fwp%2Fv2%2Fmedia&parent=132"}],"curies":[{"name":"wp","href":"https:\/\/api.w.org\/{rel}","templated":true}]}}